{"id":2545,"date":"2023-04-11T16:40:23","date_gmt":"2023-04-11T14:40:23","guid":{"rendered":"https:\/\/clinique-moncor.ch\/?page_id=2545"},"modified":"2023-06-12T15:01:54","modified_gmt":"2023-06-12T13:01:54","slug":"la-clinique","status":"publish","type":"page","link":"https:\/\/clinique-moncor.ch\/de\/la-clinique\/","title":{"rendered":"Die Klinik"},"content":{"rendered":"<div  class='flex_column av-2l3k2-eb75ff1c976571993ab9d75d17e7b83a av_one_full  avia-builder-el-0  el_before_av_one_half  avia-builder-el-first  first flex_column_div  '     ><style type=\"text\/css\" data-created_by=\"avia_inline_auto\" id=\"style-css-av-lgau5aoe-fd7df1e5f35f81f2b93b16d18b72c4b9\">\n#top .av-special-heading.av-lgau5aoe-fd7df1e5f35f81f2b93b16d18b72c4b9{\npadding-bottom:10px;\n}\nbody .av-special-heading.av-lgau5aoe-fd7df1e5f35f81f2b93b16d18b72c4b9 .av-special-heading-tag .heading-char{\nfont-size:25px;\n}\n.av-special-heading.av-lgau5aoe-fd7df1e5f35f81f2b93b16d18b72c4b9 .av-subheading{\nfont-size:15px;\n}\n<\/style>\n<div  class='av-special-heading av-lgau5aoe-fd7df1e5f35f81f2b93b16d18b72c4b9 av-special-heading-h2 blockquote modern-quote  avia-builder-el-1  avia-builder-el-no-sibling '><h2 class='av-special-heading-tag'  itemprop=\"headline\"  >Die Klinik<\/h2><div class=\"special-heading-border\"><div class=\"special-heading-inner-border\"><\/div><\/div><\/div><\/div><div  class='flex_column av-23hzq-e309eb2694c8fd05c6dfddc402781198 av_one_half  avia-builder-el-2  el_after_av_one_full  el_before_av_two_fifth  first flex_column_div  column-top-margin'     ><p><section  class='av_textblock_section av-lgau5ws9-ef320248347174fe5c7739cb770ff2a8 '   itemscope=\"itemscope\" itemtype=\"https:\/\/schema.org\/CreativeWork\" ><div class='avia_textblock'  itemprop=\"text\" ><p>Seit 2014 hat die Augenheilkunde einen vorrangigen Platz in der Clinique Moncor, wodurch wir uns als die Fachexperten der Region positionieren.<\/p>\n<p>Die meisten Augen\u00e4rztinnen und -\u00e4rzte des Kantons haben Zugang zur Klinik, sodass ihre Patientinnen und Patienten von unserer technischen Ausstattung profitieren k\u00f6nnen. So wird die pers\u00f6nliche Betreuung jedes Patienten und jeder Patientin durch den behandelnden Augenarzt bzw. die Augen\u00e4rztin sichergestellt.<\/p>\n<\/div><\/section><br \/>\n<section  class='av_textblock_section av-lgauvwiw-0dfbf9e76cde17fb01fc7d40861f2e92 '   itemscope=\"itemscope\" itemtype=\"https:\/\/schema.org\/CreativeWork\" ><div class='avia_textblock'  itemprop=\"text\" ><p>Aus chirurgischer Sicht k\u00f6nnen h\u00e4ufige Augenerkrankungen mit Methoden behandelt werden, die nicht nur hochmodern, sondern im Sinne der Krankenkassen auch kosteng\u00fcnstig sind. Ein typisches Beispiel der ambulanten Chirurgie ist die Operation des Grauen Stars. Sie macht deshalb momentan auch den gr\u00f6ssten Teil der Operationen aus, die mit sicheren, schnellen und wirksamen Techniken ausgef\u00fchrt werden und nach TARMED-Tarif komplett durch die Krankenkasse gedeckt sind.<\/p>\n<\/div><\/section><\/p><\/div><\/p>\n\n<style type=\"text\/css\" data-created_by=\"avia_inline_auto\" id=\"style-css-av-1xqqm-3f2e5643145f0fa05e1330ef024a5cea\">\n.flex_column.av-1xqqm-3f2e5643145f0fa05e1330ef024a5cea{\npadding:0 0 0 0;\n}\n.avia_transform .flex_column.av-1xqqm-3f2e5643145f0fa05e1330ef024a5cea{\nanimation-duration:3s;\n}\n<\/style>\n<div  class='flex_column av-1xqqm-3f2e5643145f0fa05e1330ef024a5cea av_two_fifth  avia-builder-el-5  el_after_av_one_half  el_before_av_hr  flex_column_div av-animated-generic right-to-left av-zero-column-padding  column-top-margin'     ><p>\n<style type=\"text\/css\" data-created_by=\"avia_inline_auto\" id=\"style-css-av-lgaura7b-074c732dd3acfb635985c055e7e8c382\">\n#top .hr.hr-invisible.av-lgaura7b-074c732dd3acfb635985c055e7e8c382{\nheight:50px;\n}\n<\/style>\n<div  class='hr av-lgaura7b-074c732dd3acfb635985c055e7e8c382 hr-invisible  avia-builder-el-6  el_before_av_heading  avia-builder-el-first '><span class='hr-inner '><span class=\"hr-inner-style\"><\/span><\/span><\/div><br \/>\n\n<style type=\"text\/css\" data-created_by=\"avia_inline_auto\" id=\"style-css-av-lgauurkv-7dd18e084614a377a661855e22aa5a5a\">\n#top .av-special-heading.av-lgauurkv-7dd18e084614a377a661855e22aa5a5a{\npadding-bottom:10px;\ncolor:#d65799;\n}\nbody .av-special-heading.av-lgauurkv-7dd18e084614a377a661855e22aa5a5a .av-special-heading-tag .heading-char{\nfont-size:25px;\n}\n.av-special-heading.av-lgauurkv-7dd18e084614a377a661855e22aa5a5a .special-heading-inner-border{\nborder-color:#d65799;\n}\n.av-special-heading.av-lgauurkv-7dd18e084614a377a661855e22aa5a5a .av-subheading{\nfont-size:15px;\n}\n<\/style>\n<div  class='av-special-heading av-lgauurkv-7dd18e084614a377a661855e22aa5a5a av-special-heading-h2 custom-color-heading  avia-builder-el-7  el_after_av_hr  el_before_av_hr '><h2 class='av-special-heading-tag'  itemprop=\"headline\"  >Die Clinique Moncor: ein Zentrum f\u00fcr ambulante Exzellenz<\/h2><div class=\"special-heading-border\"><div class=\"special-heading-inner-border\"><\/div><\/div><\/div><br \/>\n\n<style type=\"text\/css\" data-created_by=\"avia_inline_auto\" id=\"style-css-av-vfq6-66fc16671e77ade17109e9882f4825f3\">\n#top .hr.hr-invisible.av-vfq6-66fc16671e77ade17109e9882f4825f3{\nheight:50px;\n}\n<\/style>\n<div  class='hr av-vfq6-66fc16671e77ade17109e9882f4825f3 hr-invisible  avia-builder-el-8  el_after_av_heading  avia-builder-el-last '><span class='hr-inner '><span class=\"hr-inner-style\"><\/span><\/span><\/div><\/p><\/div>\n\n<style type=\"text\/css\" data-created_by=\"avia_inline_auto\" id=\"style-css-av-liiv56fp-10ea5acdcced772e5b96d00cc231c357\">\n#top .hr.hr-invisible.av-liiv56fp-10ea5acdcced772e5b96d00cc231c357{\nheight:30px;\n}\n<\/style>\n<div  class='hr av-liiv56fp-10ea5acdcced772e5b96d00cc231c357 hr-invisible  avia-builder-el-9  el_after_av_two_fifth  el_before_av_one_half '><span class='hr-inner '><span class=\"hr-inner-style\"><\/span><\/span><\/div>\n<div  class='flex_column av-1eacq-f55ee2dd834dac5f636eb87ef0058238 av_one_half  avia-builder-el-10  el_after_av_hr  el_before_av_one_half  first flex_column_div  '     ><p><section  class='av_textblock_section av-lgauxl8j-1c191e04b613bf9b55b022adda5da48b '   itemscope=\"itemscope\" itemtype=\"https:\/\/schema.org\/CreativeWork\" ><div class='avia_textblock'  itemprop=\"text\" ><p>Auf Anfrage bieten wir auch Verfahren an, die nicht durch den TARMED-Tarif gedeckt sind. Die Behandlung der altersbedingten Makuladegeneration (AMD) wird mittels Injektionen durchgef\u00fchrt. Daneben behandeln wir auch andere Arten von Erkrankungen, bei denen Injektionen im Operationssaal n\u00f6tig sind.<\/p>\n<p>Weiter bieten wir auch Laserbehandlungen an, die zum Beispiel bei Netzhauterkrankungen oder Gr\u00fcnem Star (Glaukom) zum Einsatz kommen. Spezielle Untersuchungen zu diagnostischen Zwecken, wie Untersuchungen des Sichtfelds, Funduskopie (Augenspiegelung) etc., werden mit modernsten Apparaten durchgef\u00fchrt.<\/p>\n<\/div><\/section><br \/>\n<section  class='av_textblock_section av-pwf6-608dedd2baa5724c954e1e4fb3ef37f8 '   itemscope=\"itemscope\" itemtype=\"https:\/\/schema.org\/CreativeWork\" ><div class='avia_textblock'  itemprop=\"text\" ><p>Wir sind auf Personen verschiedener Fachrichtungen zugegangen, um ihnen die M\u00f6glichkeit zu geben, ihre Praktiken in der ambulanten Versorgung bei uns weiterzuentwickeln. Seit der Chirurg Christoph Erling zu uns gestossen ist, konnten wir ein Exzellenzcluster f\u00fcr Orthop\u00e4die aufbauen.<\/p>\n<p>So findet sich die Spitzenmedizin der Handchirurgie heute bei uns in Freiburg, in der Clinique Moncor.<\/p>\n<\/div><\/section><\/p><\/div>\n\n<style type=\"text\/css\" data-created_by=\"avia_inline_auto\" id=\"style-css-av-1inu6-aa4d39496b5d66028ce492c2443aee85\">\n.flex_column.av-1inu6-aa4d39496b5d66028ce492c2443aee85{\npadding:0 0 0 0;\n}\n<\/style>\n<div  class='flex_column av-1inu6-aa4d39496b5d66028ce492c2443aee85 av_one_half  avia-builder-el-13  el_after_av_one_half  avia-builder-el-last  flex_column_div av-zero-column-padding  '     ><style type=\"text\/css\" data-created_by=\"avia_inline_auto\" id=\"style-css-av-lgauqkvt-fc6a2a9f0c357e15883f2f957288b4ee\">\n.avia_transform .avia-image-container.av-lgauqkvt-fc6a2a9f0c357e15883f2f957288b4ee{\nanimation-duration:2s;\n}\n.avia-image-container.av-lgauqkvt-fc6a2a9f0c357e15883f2f957288b4ee img.avia_image{\nbox-shadow:none;\n}\n.avia-image-container.av-lgauqkvt-fc6a2a9f0c357e15883f2f957288b4ee .av-image-caption-overlay-center{\ncolor:#ffffff;\n}\n<\/style>\n<div  class='avia-image-container av-lgauqkvt-fc6a2a9f0c357e15883f2f957288b4ee av-styling- avia_animated_image av-animated-when-visible-95 bottom-to-top avia-align-center  avia-builder-el-14  avia-builder-el-no-sibling '   itemprop=\"image\" itemscope=\"itemscope\" itemtype=\"https:\/\/schema.org\/ImageObject\" ><div class=\"avia-image-container-inner\"><div class=\"avia-image-overlay-wrap\"><img decoding=\"async\" fetchpriority=\"high\" class='wp-image-2506 avia-img-lazy-loading-not-2506 avia_image ' src=\"https:\/\/clinique-moncor.ch\/wp-content\/uploads\/2023\/04\/op.jpg\" alt='' title=''  height=\"800\" width=\"1200\"  itemprop=\"thumbnailUrl\" srcset=\"https:\/\/clinique-moncor.ch\/wp-content\/uploads\/2023\/04\/op.jpg 1200w, https:\/\/clinique-moncor.ch\/wp-content\/uploads\/2023\/04\/op-300x200.jpg 300w, https:\/\/clinique-moncor.ch\/wp-content\/uploads\/2023\/04\/op-1030x687.jpg 1030w, https:\/\/clinique-moncor.ch\/wp-content\/uploads\/2023\/04\/op-768x512.jpg 768w, https:\/\/clinique-moncor.ch\/wp-content\/uploads\/2023\/04\/op-705x470.jpg 705w\" sizes=\"(max-width: 1200px) 100vw, 1200px\" \/><\/div><\/div><\/div><\/div>\n","protected":false},"excerpt":{"rendered":"","protected":false},"author":1,"featured_media":0,"parent":0,"menu_order":4,"comment_status":"closed","ping_status":"closed","template":"","meta":{"footnotes":""},"class_list":["post-2545","page","type-page","status-publish","hentry"],"_links":{"self":[{"href":"https:\/\/clinique-moncor.ch\/de\/wp-json\/wp\/v2\/pages\/2545","targetHints":{"allow":["GET"]}}],"collection":[{"href":"https:\/\/clinique-moncor.ch\/de\/wp-json\/wp\/v2\/pages"}],"about":[{"href":"https:\/\/clinique-moncor.ch\/de\/wp-json\/wp\/v2\/types\/page"}],"author":[{"embeddable":true,"href":"https:\/\/clinique-moncor.ch\/de\/wp-json\/wp\/v2\/users\/1"}],"replies":[{"embeddable":true,"href":"https:\/\/clinique-moncor.ch\/de\/wp-json\/wp\/v2\/comments?post=2545"}],"version-history":[{"count":8,"href":"https:\/\/clinique-moncor.ch\/de\/wp-json\/wp\/v2\/pages\/2545\/revisions"}],"predecessor-version":[{"id":2590,"href":"https:\/\/clinique-moncor.ch\/de\/wp-json\/wp\/v2\/pages\/2545\/revisions\/2590"}],"wp:attachment":[{"href":"https:\/\/clinique-moncor.ch\/de\/wp-json\/wp\/v2\/media?parent=2545"}],"curies":[{"name":"wp","href":"https:\/\/api.w.org\/{rel}","templated":true}]}}